{"id":108,"date":"2017-11-12T16:05:55","date_gmt":"2017-11-12T15:05:55","guid":{"rendered":"http:\/\/www.jeromebaldeck.com\/?page_id=108"},"modified":"2018-11-20T18:19:10","modified_gmt":"2018-11-20T17:19:10","slug":"cd","status":"publish","type":"page","link":"https:\/\/www.jeromebaldeck.com\/index.php\/cd\/","title":{"rendered":"CD"},"content":{"rendered":"<p><a href=\"http:\/\/www.crjbourgognefranchecomte.org\/fileadmin\/user_upload\/contenus\/5-Mediatheque\/Tempo\/pdf\/tempo_67_WEB_PP.pdf\">Critique CD Orbite dans Tempo N\u00b067 (Page 8)<\/a><\/p>\n<p><img decoding=\"async\" loading=\"lazy\" class=\"alignnone size-medium wp-image-109\" src=\"http:\/\/www.jeromebaldeck.com\/wp-content\/uploads\/2017\/11\/cd-orbite-sommaire-293x300.jpg\" alt=\"\" width=\"293\" height=\"300\" srcset=\"https:\/\/www.jeromebaldeck.com\/wp-content\/uploads\/2017\/11\/cd-orbite-sommaire-293x300.jpg 293w, https:\/\/www.jeromebaldeck.com\/wp-content\/uploads\/2017\/11\/cd-orbite-sommaire-768x787.jpg 768w, https:\/\/www.jeromebaldeck.com\/wp-content\/uploads\/2017\/11\/cd-orbite-sommaire.jpg 900w\" sizes=\"(max-width: 293px) 100vw, 293px\" \/><\/p>\n<form action=\"https:\/\/www.paypal.com\/cgi-bin\/webscr\" method=\"post\" target=\"_top\"><input name=\"cmd\" type=\"hidden\" value=\"_s-xclick\" \/>\u00c9ric Soum : guitare<br \/>\nLuc Valenza : Sax alto &amp; soprano<br \/>\nH\u00e9l\u00e8ne Eschbach : contrebasse<br \/>\nJ\u00e9r\u00f4me Baldeck : batterieTotal time 72:12<\/p>\n<p>Prix : 10\u20ac (frais de ports inclus pour la France)<br \/>\n<input name=\"hosted_button_id\" type=\"hidden\" value=\"UU5JNL4UEUXDU\" \/><br \/>\n<input alt=\"PayPal, le r\u00e9flexe s\u00e9curit\u00e9 pour payer en ligne\" name=\"submit\" src=\"https:\/\/www.paypalobjects.com\/fr_FR\/FR\/i\/btn\/btn_buynow_LG.gif\" type=\"image\" \/><br \/>\n<img decoding=\"async\" loading=\"lazy\" src=\"https:\/\/www.paypalobjects.com\/fr_FR\/i\/scr\/pixel.gif\" alt=\"\" width=\"1\" height=\"1\" border=\"0\" \/><\/p>\n<\/form>\n","protected":false},"excerpt":{"rendered":"<p>Critique CD Orbite dans Tempo N\u00b067 (Page 8) \u00c9ric Soum : guitare Luc Valenza : Sax alto &amp; soprano H\u00e9l\u00e8ne Eschbach : contrebasse J\u00e9r\u00f4me Baldeck : batterieTotal time 72:12 Prix : 10\u20ac (frais de ports inclus pour la France)<\/p>\n","protected":false},"author":1,"featured_media":0,"parent":0,"menu_order":0,"comment_status":"closed","ping_status":"closed","template":"","meta":{"footnotes":""},"_links":{"self":[{"href":"https:\/\/www.jeromebaldeck.com\/index.php\/wp-json\/wp\/v2\/pages\/108"}],"collection":[{"href":"https:\/\/www.jeromebaldeck.com\/index.php\/wp-json\/wp\/v2\/pages"}],"about":[{"href":"https:\/\/www.jeromebaldeck.com\/index.php\/wp-json\/wp\/v2\/types\/page"}],"author":[{"embeddable":true,"href":"https:\/\/www.jeromebaldeck.com\/index.php\/wp-json\/wp\/v2\/users\/1"}],"replies":[{"embeddable":true,"href":"https:\/\/www.jeromebaldeck.com\/index.php\/wp-json\/wp\/v2\/comments?post=108"}],"version-history":[{"count":7,"href":"https:\/\/www.jeromebaldeck.com\/index.php\/wp-json\/wp\/v2\/pages\/108\/revisions"}],"predecessor-version":[{"id":159,"href":"https:\/\/www.jeromebaldeck.com\/index.php\/wp-json\/wp\/v2\/pages\/108\/revisions\/159"}],"wp:attachment":[{"href":"https:\/\/www.jeromebaldeck.com\/index.php\/wp-json\/wp\/v2\/media?parent=108"}],"curies":[{"name":"wp","href":"https:\/\/api.w.org\/{rel}","templated":true}]}}