{"id":178,"date":"2019-03-17T20:54:57","date_gmt":"2019-03-17T19:54:57","guid":{"rendered":"http:\/\/www.jeromebaldeck.com\/?page_id=178"},"modified":"2026-03-22T15:06:05","modified_gmt":"2026-03-22T14:06:05","slug":"concerts","status":"publish","type":"page","link":"https:\/\/www.jeromebaldeck.com\/index.php\/concerts\/","title":{"rendered":"Concerts"},"content":{"rendered":"\n<p>le 4 avril 2026 au bar Le Luthra \u00e0 Lure(70) 20h30, TAMER C SIM(Jazz) avec Dominique Humbert(sax alto &amp; soprano), Pascal Mephane(piano), Alain Quai(contrebasse), J\u00e9r\u00f4me Baldeck(batterie)<\/p>\n\n\n\n<p>le 21 juin 2026 Catalpas Party \u00e0 Lyoffans(chez Boris) 15h, TAMER C SIM(Jazz) avec Dominique Humbert(sax alto &amp; soprano), Pascal Mephane(piano), Alain Quai(contrebasse), J\u00e9r\u00f4me Baldeck(batterie)<\/p>\n","protected":false},"excerpt":{"rendered":"<p>le 4 avril 2026 au bar Le Luthra \u00e0 Lure(70) 20h30, TAMER C SIM(Jazz) avec Dominique Humbert(sax alto &amp; soprano), Pascal Mephane(piano), Alain Quai(contrebasse), J\u00e9r\u00f4me Baldeck(batterie) le 21 juin 2026 Catalpas Party \u00e0 Lyoffans(chez Boris) 15h, TAMER C SIM(Jazz) avec Dominique Humbert(sax alto &amp; soprano), Pascal Mephane(piano), Alain Quai(contrebasse), J\u00e9r\u00f4me Baldeck(batterie)<\/p>\n","protected":false},"author":1,"featured_media":0,"parent":0,"menu_order":0,"comment_status":"closed","ping_status":"closed","template":"","meta":{"footnotes":""},"_links":{"self":[{"href":"https:\/\/www.jeromebaldeck.com\/index.php\/wp-json\/wp\/v2\/pages\/178"}],"collection":[{"href":"https:\/\/www.jeromebaldeck.com\/index.php\/wp-json\/wp\/v2\/pages"}],"about":[{"href":"https:\/\/www.jeromebaldeck.com\/index.php\/wp-json\/wp\/v2\/types\/page"}],"author":[{"embeddable":true,"href":"https:\/\/www.jeromebaldeck.com\/index.php\/wp-json\/wp\/v2\/users\/1"}],"replies":[{"embeddable":true,"href":"https:\/\/www.jeromebaldeck.com\/index.php\/wp-json\/wp\/v2\/comments?post=178"}],"version-history":[{"count":43,"href":"https:\/\/www.jeromebaldeck.com\/index.php\/wp-json\/wp\/v2\/pages\/178\/revisions"}],"predecessor-version":[{"id":268,"href":"https:\/\/www.jeromebaldeck.com\/index.php\/wp-json\/wp\/v2\/pages\/178\/revisions\/268"}],"wp:attachment":[{"href":"https:\/\/www.jeromebaldeck.com\/index.php\/wp-json\/wp\/v2\/media?parent=178"}],"curies":[{"name":"wp","href":"https:\/\/api.w.org\/{rel}","templated":true}]}}