{"id":8,"date":"2017-10-06T23:57:35","date_gmt":"2017-10-06T21:57:35","guid":{"rendered":"http:\/\/www.jeromebaldeck.com\/?page_id=8"},"modified":"2019-09-17T22:50:38","modified_gmt":"2019-09-17T20:50:38","slug":"a-propos-de","status":"publish","type":"page","link":"https:\/\/www.jeromebaldeck.com\/","title":{"rendered":"\u00c0 propos"},"content":{"rendered":"<p>Autodidacte il d\u00e9bute la batterie \u00e0 l&#8217;adolescence, dans un premier temps influenc\u00e9 par les groupes de rock des ann\u00e9es 70 (Zappa, G\u00e9nesis, Magma, Yes, Hendrix, Santana,&#8230; ). Il se tourne rapidement vers la musique de Jazz en d\u00e9couvrant John Coltrane, Art Blakey &amp; Jazz Messengers, Miles Davis, Thelonious Monk, etc. Avide de cette musique il apprend la pratique de l&#8217;instrument en allant faire la &#8220;JAM&#8221; r\u00e9guli\u00e8rement dans les clubs de Jazz. De l\u00e0 il fera parti de petites formations et participera \u00e0 divers projets, l&#8217;objectif \u00e9tant de se produire le plus possible en public, pour lui le sens premier du &#8220;m\u00e9tier&#8221; de musicien.<\/p>\n<p>Il a eu la chance \u00e0 travers ses rencontres de jouer entre autres avec Yves Brouqui, Emmanuel Grimonprez, Laurent Fickelson, Jean-Paul Adam, Julio Laks, Csaba Tuzko, Nicolas Rageau, Juan Saubidet, Ralph Moore, Emmanuel Borghi, \u00c9ric Soum, S\u00e9bastien Goret, Daniel Visani.<\/p>\n<p>En 1992 il est le batteur de la Cie du petit matin avec Mich\u00e8le Guigon (Multiples tourn\u00e9es en France : festival d&#8217;Avignon, les \u00e9toiles Paris, le cabaret sauvage&#8230;) jusqu&#8217;en 2005.<\/p>\n<p>En consid\u00e9rant que la &#8220;magie&#8221; du Jazz est le swing, il n&#8217;a de cesse d&#8217;\u00eatre \u00e0 travers l&#8217;improvisation \u00e0 la recherche de cet \u00e9tat vivant du son.<\/p>\n<p>Orchestres : Visani quartet, le Grand Barouf, Jo\u00ebl Sicard trio, Jazz Mood Quartet, Jazztet IV, Rosewood Quartet, S\u00e9bastien Goret trio, SVEB , Christian Fridelance 4tet, Beyond trio&#8230;<\/p>\n","protected":false},"excerpt":{"rendered":"<p>Autodidacte il d\u00e9bute la batterie \u00e0 l&#8217;adolescence, dans un premier temps influenc\u00e9 par les groupes de rock des ann\u00e9es 70 (Zappa, G\u00e9nesis, Magma, Yes, Hendrix, Santana,&#8230; ). Il se tourne rapidement vers la musique de Jazz en d\u00e9couvrant John Coltrane, Art Blakey &amp; Jazz Messengers, Miles Davis, Thelonious Monk, etc. Avide de cette musique il &hellip; <\/p>\n<p class=\"link-more\"><a href=\"https:\/\/www.jeromebaldeck.com\/\" class=\"more-link\">Continuer la lecture<span class=\"screen-reader-text\"> de &laquo;&nbsp;\u00c0 propos&nbsp;&raquo;<\/span><\/a><\/p>\n","protected":false},"author":1,"featured_media":36,"parent":0,"menu_order":0,"comment_status":"closed","ping_status":"closed","template":"","meta":{"footnotes":""},"_links":{"self":[{"href":"https:\/\/www.jeromebaldeck.com\/index.php\/wp-json\/wp\/v2\/pages\/8"}],"collection":[{"href":"https:\/\/www.jeromebaldeck.com\/index.php\/wp-json\/wp\/v2\/pages"}],"about":[{"href":"https:\/\/www.jeromebaldeck.com\/index.php\/wp-json\/wp\/v2\/types\/page"}],"author":[{"embeddable":true,"href":"https:\/\/www.jeromebaldeck.com\/index.php\/wp-json\/wp\/v2\/users\/1"}],"replies":[{"embeddable":true,"href":"https:\/\/www.jeromebaldeck.com\/index.php\/wp-json\/wp\/v2\/comments?post=8"}],"version-history":[{"count":9,"href":"https:\/\/www.jeromebaldeck.com\/index.php\/wp-json\/wp\/v2\/pages\/8\/revisions"}],"predecessor-version":[{"id":206,"href":"https:\/\/www.jeromebaldeck.com\/index.php\/wp-json\/wp\/v2\/pages\/8\/revisions\/206"}],"wp:featuredmedia":[{"embeddable":true,"href":"https:\/\/www.jeromebaldeck.com\/index.php\/wp-json\/wp\/v2\/media\/36"}],"wp:attachment":[{"href":"https:\/\/www.jeromebaldeck.com\/index.php\/wp-json\/wp\/v2\/media?parent=8"}],"curies":[{"name":"wp","href":"https:\/\/api.w.org\/{rel}","templated":true}]}}