{"id":9,"date":"2017-10-06T23:57:35","date_gmt":"2017-10-06T21:57:35","guid":{"rendered":"http:\/\/www.jeromebaldeck.com\/?page_id=9"},"modified":"2019-03-17T21:10:23","modified_gmt":"2019-03-17T20:10:23","slug":"contact","status":"publish","type":"page","link":"https:\/\/www.jeromebaldeck.com\/index.php\/contact\/","title":{"rendered":"Contact"},"content":{"rendered":"<p>J\u00e9r\u00f4me Baldeck<br \/>\n8 quai Charles Vallet<br \/>\n90000 Belfort<br \/>\nT\u00e9l. 06 21 25 56 43<br \/>\n<a href=\"mailto:jerome.baldeck@neuf.fr\">Email<\/a><\/p>\n","protected":false},"excerpt":{"rendered":"<p>J\u00e9r\u00f4me Baldeck 8 quai Charles Vallet 90000 Belfort T\u00e9l. 06 21 25 56 43 Email<\/p>\n","protected":false},"author":1,"featured_media":0,"parent":0,"menu_order":0,"comment_status":"closed","ping_status":"closed","template":"","meta":{"footnotes":""},"_links":{"self":[{"href":"https:\/\/www.jeromebaldeck.com\/index.php\/wp-json\/wp\/v2\/pages\/9"}],"collection":[{"href":"https:\/\/www.jeromebaldeck.com\/index.php\/wp-json\/wp\/v2\/pages"}],"about":[{"href":"https:\/\/www.jeromebaldeck.com\/index.php\/wp-json\/wp\/v2\/types\/page"}],"author":[{"embeddable":true,"href":"https:\/\/www.jeromebaldeck.com\/index.php\/wp-json\/wp\/v2\/users\/1"}],"replies":[{"embeddable":true,"href":"https:\/\/www.jeromebaldeck.com\/index.php\/wp-json\/wp\/v2\/comments?post=9"}],"version-history":[{"count":3,"href":"https:\/\/www.jeromebaldeck.com\/index.php\/wp-json\/wp\/v2\/pages\/9\/revisions"}],"predecessor-version":[{"id":74,"href":"https:\/\/www.jeromebaldeck.com\/index.php\/wp-json\/wp\/v2\/pages\/9\/revisions\/74"}],"wp:attachment":[{"href":"https:\/\/www.jeromebaldeck.com\/index.php\/wp-json\/wp\/v2\/media?parent=9"}],"curies":[{"name":"wp","href":"https:\/\/api.w.org\/{rel}","templated":true}]}}